{"id":290,"date":"2024-07-12T21:51:21","date_gmt":"2024-07-12T21:51:21","guid":{"rendered":"https:\/\/philipperoth.co.uk\/?page_id=290"},"modified":"2024-09-10T09:37:15","modified_gmt":"2024-09-10T09:37:15","slug":"events-receptions","status":"publish","type":"page","link":"https:\/\/philipperoth.co.uk\/fr\/events-receptions\/","title":{"rendered":"Events &#038; Receptions"},"content":{"rendered":"<!DOCTYPE html PUBLIC \"-\/\/W3C\/\/DTD HTML 4.0 Transitional\/\/EN\" \"http:\/\/www.w3.org\/TR\/REC-html40\/loose.dtd\">\n<html><body><h1>\n\t\tR\u00e9ceptions\n\t<\/h1>\n\t\t\t\t<p>Chef Philippe will also help you celebrate family or work events. Together with his team of professional waiters and sous-chefs, he will create exquisite and innovative finger food, canap&Atilde;&copy;s and buffet for parties of up to 100 guests.&Acirc;&nbsp;<\/p>\n<p>Si n\u00e9cessaire, il vous aidera \u00e9galement \u00e0 louer du mat\u00e9riel, des d\u00e9corations de f\u00eate et des compositions florales. Il vous assistera dans la s\u00e9lection de vins et de cocktails pour votre occasion sp\u00e9ciale.<\/p>\n\t\t\t<img loading=\"lazy\" decoding=\"async\" src=\"https:\/\/philipperoth.co.uk\/wp-content\/uploads\/2024\/08\/Canape-events-3.jpg\" alt=\"A long table with green chairs and a vase of flowers.\" data-no-lazy=\"1\" itemprop=\"thumbnail\" width=\"956\" height=\"1212\">\n\t\t\t<!-- Overlay Wrapper -->\n\t\t\t <!-- Overlay Wrapper Closed -->\n\t\t\t\t\t\t\t<meta itemprop=\"width\" content=\"956\">\n\t\t\t<meta itemprop=\"height\" content=\"1212\">\n\t\t\t<img loading=\"lazy\" decoding=\"async\" src=\"https:\/\/philipperoth.co.uk\/wp-content\/uploads\/2024\/08\/Canape-events-2-scaled-2.jpg\" alt=\"A man in black vest holding three bottles of wine.\" data-no-lazy=\"1\" itemprop=\"thumbnail\" width=\"1275\" height=\"1419\">\n\t\t\t<!-- Overlay Wrapper -->\n\t\t\t <!-- Overlay Wrapper Closed -->\n\t\t\t\t\t\t\t<meta itemprop=\"width\" content=\"1275\">\n\t\t\t<meta itemprop=\"height\" content=\"1419\">\n\t\t<h2>\n\t\t\tCanap&Atilde;&copy;s menu\n\t\t<\/h2>\n\t\t\t<p>Delight your guests with superior Asian-inspired bites.A fresh take on traditional canap&Atilde;&copy;s.<\/p>\t\t\n\t\t\t   \t \t\t\t\t\t\t\t\t   \t \t\t<h3>\n\t\t\t\t\t\t\t\t\t\t\t\t\t\t\t\t\t\t\tPOISSON\n\t\t\t\t\t\t\t\t\t\t\t\t\t\t\t\t\t<\/h3>\n\t\t\t\t\t\t\t\t\tCrevettes po\u00eal\u00e9es avec Nam Jim sauce<br>\nSashimi de Saumon avec Ponzu Dips<br>\nPrawns and Oba Leaf Tempura with Jalape&Atilde;&plusmn;o Dressing<br>\nUnagi Kabayaki avec sauce Matcha Wasabi<br>\nThon envelopp\u00e9 de Poivre de Schesuan et Chutney de Mangue fait maison<br>\nMorue noire marine au Miso\t\t\t\t\t\t\t\t\n\t\t\t   \t \t\t\t\t\t\t\t\t   \t \t\t<h3>\n\t\t\t\t\t\t\t\t\t\t\t\t\t\t\t\t\t\t\tVIANDE\n\t\t\t\t\t\t\t\t\t\t\t\t\t\t\t\t\t<\/h3>\n\t\t\t\t\t\t\t\t\tFoie Gras \u00e0 la moutarde, Miso et chips de Citrouille<br>\nCanard marin\u00e9 envelopp\u00e9 de vinaigrette aux graines de Sesames<br>\nFilet de b\u0153uf saignant avec Chutney de Tomates et Piment avec cresson de Coriandre<br>\nPoulet Karaage \u00e0 la laitue D\u2019agneau<br>\nMini burger de Boeuf aux Oignons Confits, Brioche<br>\nKatsu Chicken \t\t\t\t\t\t\t\t\n\t\t\t   \t \t\t\t\t\t\t\t\t   \t \t\t<h3>\n\t\t\t\t\t\t\t\t\t\t\t\t\t\t\t\t\t\t\tV\u00c9G\u00c9TARIENNE\n\t\t\t\t\t\t\t\t\t\t\t\t\t\t\t\t\t<\/h3>\n\t\t\t\t\t\t\t\t\tHaricots verts avec sauce aux Sesames noir<br>\nTarte \u00e0 la Citrouille et Ricotta au Miel \u00e9pic\u00e9<br>\nArancini aux Champignons Sauvages et \u00e0 l\u2019huile de Truffes et mayonnaise aux Truffes<br>\nTarte aux \u00c9chalotes Confites avec de la Grenadine, Gruy\u00e8re, micro Cresson<br>\nNoix de macadamia avec Olives Noir et Tomates<br>\nStilton Beignet au Chutney de Raisin \t\t\t\t\t\t\t\t\n\t\t\t   \t \t\t\t\t\t\t\t\t   \t \t\t<h3>\n\t\t\t\t\t\t\t\t\t\t\t\t\t\t\t\t\t\t\tDESSERT\n\t\t\t\t\t\t\t\t\t\t\t\t\t\t\t\t\t<\/h3>\n\t\t\t\t\t\t\t\t\tCheesecake au Gingembre et Banane Caramel<br>\nMalakoff<br>\nMini-fudge au Chocolat<br>\nTruffe au Chocolat et Cognac<br>\nMousse a la Framboise avec de la Nougatine \t\t\t\t\t\t\t\t\n\t\t\t\t\t\t<p>&#8220;Philippe&#8217;s canap&Atilde;&copy;s are something out of the ordinary &#8211; they are delicious and exquisitely presented &#8211; raising any occasion to a seriously memorable one!&#8221;<\/p>\t\t\t\t\t\n\t\t\t\t\t\t\t<h3 class=\"uabb-testimonial-author-name testimonial-author-name\">&#8211; Felicity Jones<\/h3>\t\t\t\t\t\t\t\n\t\n<\/body><\/html>","protected":false},"excerpt":{"rendered":"<p>Events \/ Receptions Chef Philippe will also help you celebrate family or work events. Together with his team of professional waiters and sous-chefs, he will create exquisite and innovative finger food, canap&Atilde;&copy;s and buffet for parties of up to 100 guests.&Acirc;&nbsp; If needed, he will also help you with rental of equipment, party decorations and&hellip;<\/p>","protected":false},"author":1,"featured_media":0,"parent":0,"menu_order":0,"comment_status":"closed","ping_status":"closed","template":"","meta":{"footnotes":""},"class_list":["post-290","page","type-page","status-publish","hentry"],"_links":{"self":[{"href":"https:\/\/philipperoth.co.uk\/fr\/wp-json\/wp\/v2\/pages\/290","targetHints":{"allow":["GET"]}}],"collection":[{"href":"https:\/\/philipperoth.co.uk\/fr\/wp-json\/wp\/v2\/pages"}],"about":[{"href":"https:\/\/philipperoth.co.uk\/fr\/wp-json\/wp\/v2\/types\/page"}],"author":[{"embeddable":true,"href":"https:\/\/philipperoth.co.uk\/fr\/wp-json\/wp\/v2\/users\/1"}],"replies":[{"embeddable":true,"href":"https:\/\/philipperoth.co.uk\/fr\/wp-json\/wp\/v2\/comments?post=290"}],"version-history":[{"count":5,"href":"https:\/\/philipperoth.co.uk\/fr\/wp-json\/wp\/v2\/pages\/290\/revisions"}],"predecessor-version":[{"id":315,"href":"https:\/\/philipperoth.co.uk\/fr\/wp-json\/wp\/v2\/pages\/290\/revisions\/315"}],"wp:attachment":[{"href":"https:\/\/philipperoth.co.uk\/fr\/wp-json\/wp\/v2\/media?parent=290"}],"curies":[{"name":"wp","href":"https:\/\/api.w.org\/{rel}","templated":true}]}}