{"id":28,"date":"2024-05-14T08:17:51","date_gmt":"2024-05-14T08:17:51","guid":{"rendered":"https:\/\/philipperoth.co.uk\/?page_id=28"},"modified":"2024-09-10T09:37:15","modified_gmt":"2024-09-10T09:37:15","slug":"private-dining","status":"publish","type":"page","link":"https:\/\/philipperoth.co.uk\/fr\/private-dining\/","title":{"rendered":"D\u00eener Priv\u00e9"},"content":{"rendered":"<!DOCTYPE html PUBLIC \"-\/\/W3C\/\/DTD HTML 4.0 Transitional\/\/EN\" \"http:\/\/www.w3.org\/TR\/REC-html40\/loose.dtd\">\n<html><body><h1>\n\t\tChef Philippe&#8217;s <br>D\u00eener Priv\u00e9\n\t<\/h1>\n\t\t\t<h3>EXP\u00c9RIENCE D\u00ceNER PRIV\u00c9E DE LUXE<\/h3>\t\t\t\n\t\t\t\t<p>Tell Philippe exactly what you are looking for, whether it&#8217;s a four-course dinner or canap&Atilde;&copy;s and wine, and he will create a personalised menu just for you. If you like, Philippe will gladly share his in-depth culinary knowledge with you and your guests and explain each dish as they are served.<\/p>\n<p>Philippe viendra chez vous et s'occupera de tout, de l'achat d'ingr\u00e9dients biologiques locaux \u00e0 la pr\u00e9paration et au service de votre repas, et laissera votre cuisine impeccable. Laissez-lui simplement tout faire et savourez un d\u00e9licieux d\u00eener sans stress avec vos invit\u00e9s.<\/p>\n<p>You and your guests are also welcome to visit Philippe in one of his apartments in central London or Brussels.&Acirc;&nbsp;<\/p>\n<p>In London, escape the hustle and bustle and enjoy dinner in Philippe&#8217;s modern apartment with stunning views over the city.&Acirc;&nbsp;<\/p>\n<p>A Bruxelles, fl\u00e2nez \u00e0 5 minutes de la Grand Place et du Manneken Pis pour arriver dans un endroit calme avec une grande terrasse donnant sur les toits de la capitale belge.<\/p>\n\t\t\t\t<img loading=\"lazy\" decoding=\"async\" src=\"https:\/\/philipperoth.co.uk\/wp-content\/uploads\/2024\/05\/46E259CB-BE7C-4843-A4E1-F1D2CCD25C9C.jpeg\" alt=\"A collage of two pictures with people in the room\" itemprop=\"image\" height=\"1123\" width=\"1125\" title=\"Screenshot\" onerror=\"this.style.display='none'\">\n\t\t<h2>\n\t\t\tId\u00e9es de menus pour d\u00eeners priv\u00e9s\n\t\t<\/h2>\n\t\t\t   \t \t\t\t\t\t\t\t\t   \t \t\t<h3>\n\t\t\t\t\t\t\t\t\t\t\t\t\t\t\t\t\t\t\tMenu D\u00e9couverte\n\t\t\t\t\t\t\t\t\t\t\t\t\t\t\t\t\t<\/h3>\n\t\t\t\t\t\t\t\t\t<h4>Entr\u00e9e:<\/h4>\nSous-vide de Saumon avec cr\u00e8me de Raifort, Julienne de l\u00e9gumes, Cresson <br>\nOu <br>\nTataki au thon et vinaigrette au Ponzu, Salad Croquante  <br>\n<h4>Plats: <\/h4>\nLa selle D\u2019agneau avec pur\u00e9e de Brocoli,<br>\nPomme Anna, Sugar Snap, jus a L\u2019estragon <br>\nOu <br>\nMorue marin\u00e9e au Miso avec m\u00e9lange de l\u00e9gumes, Miso aux Poivrons Rouges <br>\n<h4>Dessert: <\/h4>\nFraisier avec sorbet Framboise, coulis de Framboises , Tuile <br>\nOu <br>\nMousse au Chocolat Blanc avec des Graines de Pavot, Coulis <br>\nHomemade Petit Fours \t\t\t\t\t\t\t\t\n\t\t\t\t\t\t\t\t\t\t\t\t\t\t\t\tfrom &Acirc;&pound;78 \/ &acirc;&sbquo;&not;85\t\t\t\t\t\t\t\t\t\t\t\t\t\t\t\t\t\t\t\t\t\t\t\t\t per person\n\t\t\t   \t \t\t\t\t\t\t\t\t   \t \t\t<h3>\n\t\t\t\t\t\t\t\t\t\t\t\t\t\t\t\t\t\t\tVegan &#8211; Vegetarian Menu\n\t\t\t\t\t\t\t\t\t\t\t\t\t\t\t\t\t<\/h3>\n\t\t\t\t\t\t\t\t\t<h4>Entr\u00e9e:<\/h4>\nBurrata Mozzarella aux Tomates anciennes, salsa aux Avocats, cresson au Basilic  <br>\nOu <br>\nQuinoa, Champignons \u00e0 la Japonaise  <br>\n<h4>Plats: <\/h4>\nNouilles Soba avec m\u00e9lange de Legumes, Gingembre et Huile de Sesame, cresson de Coriandre<br>\nOu <br>\nV&Atilde;&copy;g&Atilde;&copy;tale Tian with Asparagus, Wild Mushrooms, Tomato Coulis  <br>\n<h4>Dessert: <\/h4>\nMousse au Chocolat avec cr\u00e8me de Noix de Coco, Tuile de graines de S\u00e9sames , Fruits Exotiques <br>\nOu <br>\nMeringue au Poivre rouge, Fruits rouge et servi avec un Coulis <br>\nHomemade Petit Fours \t\t\t\t\t\t\t\t\n\t\t\t\t\t\t\t\t\t\t\t\t\t\t\t\tfrom &Acirc;&pound;78 \/ &acirc;&sbquo;&not;85\t\t\t\t\t\t\t\t\t\t\t\t\t\t\t\t\t\t\t\t\t\t\t\t\t per person\n\t\t\t   \t \t\t\t\t\t\t\t\t   \t \t\t<h3>\n\t\t\t\t\t\t\t\t\t\t\t\t\t\t\t\t\t\t\tMenu Experience\n\t\t\t\t\t\t\t\t\t\t\t\t\t\t\t\t\t<\/h3>\n\t\t\t\t\t\t\t\t\t<h4>Amuse Bouche: <\/h4>\nMorilles farcies aux Asperges blanches, <br>\nSauce aux Morilles , Amarante rouge  <br>\nOu<br>\nGoat cheese wrapped with Pistachio, Candy Beetroot, Beetroot Pur&Atilde;&copy;e, Beetroot Crips \n<h4>Entr\u00e9e:<\/h4>\nTapas Japonais <br>\nOu <br>\nDive Scallops with Sweet Potatoes Pur&Atilde;&copy;e, Avocados Salsa, Crispy Parmesan <br>\n<h4>Plats: <\/h4>\nSlow Cook Fillet of Beef with Carrot Pur&Atilde;&copy;e, Crispy Terrine of Potatoes, beans, Beef Jus <br>\nOu<br>\nFricass&Atilde;&copy;e of Dover Sole with Ginger and Sake Bouillon, Petit Legumes<br>\n<h4>Dessert: <\/h4>\nPetite S\u00e9lection de trois Desserts<br>\nOu <br>\nDelice de Pomme <br>\nHomemade Petit Fours \t\t\t\t\t\t\t\t\n\t\t\t\t\t\t\t\t\t\t\t\t\t\t\t\tfrom &Acirc;&pound;105 \/ &acirc;&sbquo;&not;120\t\t\t\t\t\t\t\t\t\t\t\t\t\t\t\t\t\t\t\t\t\t\t\t\t per person\n\t\t\t   \t \t\t\t\t\t\t\t\t   \t \t\t<h3>\n\t\t\t\t\t\t\t\t\t\t\t\t\t\t\t\t\t\t\tMenu Prestige\n\t\t\t\t\t\t\t\t\t\t\t\t\t\t\t\t\t<\/h3>\n\t\t\t\t\t\t\t\t\t<h4>Amuse Bouche: <\/h4>\nHomard envelopp\u00e9 avec du Papier de Riz, vinaigrette au Th\u00e9 Vert, Roquette <br>\nOu<br>\nFoie gras po\u00eal\u00e9 aux Pommes, sauce aux Cidres et aux Calvados \n<h4>Entr\u00e9e:<\/h4>\nFillet of Beef with Salad , Beef R&Atilde;&copy;duction, Mustard Cress <br>\nOu <br>\nNoix De Saint Jacques poch\u00e9s \u00e0 la Truffe , sauce aux Truffes  <br>\n<h4>Plats: <\/h4>\nFilet de Turbot \u00e0 la Japonaise <br>\nOu<br>\nRack of Lamb Marinated in Miso, Aubergines Miso pur&Atilde;&copy;e <br>\n<h4>Desserts: <\/h4>\nS\u00e9lection de Desserts <br>\nOu <br>\nMousse au Caramel , Nid D\u2019abeille , Glace a la Vanille , Cr\u00e8me Anglaise  <br>\nHomemade Petit Fours \t\t\t\t\t\t\t\t\n\t\t\t\t\t\t\t\t\t\t\t\t\t\t\t\tfrom &Acirc;&pound;135 \/ &acirc;&sbquo;&not;150\t\t\t\t\t\t\t\t\t\t\t\t\t\t\t\t\t\t\t\t\t\t\t\t\t per person\n\t<p>Prix par personne sur la base de 6 personnes ou plus. Pour un plus petit nombre le prix par personne sera adapt\u00e9.<\/p>\n\n<\/body><\/html>","protected":false},"excerpt":{"rendered":"<p>Chef Philippe&#8217;s Private Dining Luxury Private Dining Experience Tell Philippe exactly what you are looking for, whether it&#8217;s a four-course dinner or canap&Atilde;&copy;s and wine, and he will create a personalised menu just for you. If you like, Philippe will gladly share his in-depth culinary knowledge with you and your guests and explain each dish&hellip;<\/p>","protected":false},"author":1,"featured_media":0,"parent":0,"menu_order":0,"comment_status":"closed","ping_status":"closed","template":"","meta":{"footnotes":""},"class_list":["post-28","page","type-page","status-publish","hentry"],"_links":{"self":[{"href":"https:\/\/philipperoth.co.uk\/fr\/wp-json\/wp\/v2\/pages\/28","targetHints":{"allow":["GET"]}}],"collection":[{"href":"https:\/\/philipperoth.co.uk\/fr\/wp-json\/wp\/v2\/pages"}],"about":[{"href":"https:\/\/philipperoth.co.uk\/fr\/wp-json\/wp\/v2\/types\/page"}],"author":[{"embeddable":true,"href":"https:\/\/philipperoth.co.uk\/fr\/wp-json\/wp\/v2\/users\/1"}],"replies":[{"embeddable":true,"href":"https:\/\/philipperoth.co.uk\/fr\/wp-json\/wp\/v2\/comments?post=28"}],"version-history":[{"count":5,"href":"https:\/\/philipperoth.co.uk\/fr\/wp-json\/wp\/v2\/pages\/28\/revisions"}],"predecessor-version":[{"id":279,"href":"https:\/\/philipperoth.co.uk\/fr\/wp-json\/wp\/v2\/pages\/28\/revisions\/279"}],"wp:attachment":[{"href":"https:\/\/philipperoth.co.uk\/fr\/wp-json\/wp\/v2\/media?parent=28"}],"curies":[{"name":"wp","href":"https:\/\/api.w.org\/{rel}","templated":true}]}}